{"id":34,"date":"2011-07-26T21:17:07","date_gmt":"2011-07-26T19:17:07","guid":{"rendered":"https:\/\/www.architekturmueller.ch\/?page_id=34"},"modified":"2011-09-28T11:46:44","modified_gmt":"2011-09-28T09:46:44","slug":"portat","status":"publish","type":"page","link":"https:\/\/www.architekturmueller.ch\/?page_id=34","title":{"rendered":"Portr\u00e4t"},"content":{"rendered":"<p>Guido M\u00fcller<br \/>\ndipl. Architekt FH<\/p>\n<p>Lehre als Hochbauzeichner 1993-1997<br \/>\nBerufsmaturit\u00e4t 1998-1999<br \/>\nArchitekturstudium an der Fachhochschule 1999-2002<br \/>\nAngestellt als Architekt 2003-2009<br \/>\nSelbst\u00e4ndig seit Januar 2010<\/p>\n<p>Mitglied Schweizerischer Technischer Verband (STV)<br \/>\nMinergie Fachpartner<\/p>\n<p><a href=\"https:\/\/www.architekturmueller.ch\/wp-content\/uploads\/Portraet.jpg\"><img loading=\"lazy\" class=\"alignnone size-full wp-image-167\" title=\"Portraet\" src=\"https:\/\/www.architekturmueller.ch\/wp-content\/uploads\/Portraet.jpg\" alt=\"\" width=\"580\" height=\"384\" srcset=\"https:\/\/www.architekturmueller.ch\/wp-content\/uploads\/Portraet.jpg 580w, https:\/\/www.architekturmueller.ch\/wp-content\/uploads\/Portraet-300x198.jpg 300w\" sizes=\"(max-width: 580px) 100vw, 580px\" \/><\/a><a href=\"https:\/\/www.architekturmueller.ch\/wp-content\/uploads\/Guido.jpg\"><\/a><\/p>\n","protected":false},"excerpt":{"rendered":"<p>Guido M\u00fcller dipl. Architekt FH Lehre als Hochbauzeichner 1993-1997 Berufsmaturit\u00e4t 1998-1999 Architekturstudium an der Fachhochschule 1999-2002 Angestellt als Architekt 2003-2009 Selbst\u00e4ndig seit Januar 2010 Mitglied Schweizerischer Technischer Verband (STV) Minergie Fachpartner<\/p>\n","protected":false},"author":1,"featured_media":0,"parent":0,"menu_order":0,"comment_status":"closed","ping_status":"closed","template":"full-width.php","meta":[],"_links":{"self":[{"href":"https:\/\/www.architekturmueller.ch\/index.php?rest_route=\/wp\/v2\/pages\/34"}],"collection":[{"href":"https:\/\/www.architekturmueller.ch\/index.php?rest_route=\/wp\/v2\/pages"}],"about":[{"href":"https:\/\/www.architekturmueller.ch\/index.php?rest_route=\/wp\/v2\/types\/page"}],"author":[{"embeddable":true,"href":"https:\/\/www.architekturmueller.ch\/index.php?rest_route=\/wp\/v2\/users\/1"}],"replies":[{"embeddable":true,"href":"https:\/\/www.architekturmueller.ch\/index.php?rest_route=%2Fwp%2Fv2%2Fcomments&post=34"}],"version-history":[{"count":20,"href":"https:\/\/www.architekturmueller.ch\/index.php?rest_route=\/wp\/v2\/pages\/34\/revisions"}],"predecessor-version":[{"id":220,"href":"https:\/\/www.architekturmueller.ch\/index.php?rest_route=\/wp\/v2\/pages\/34\/revisions\/220"}],"wp:attachment":[{"href":"https:\/\/www.architekturmueller.ch\/index.php?rest_route=%2Fwp%2Fv2%2Fmedia&parent=34"}],"curies":[{"name":"wp","href":"https:\/\/api.w.org\/{rel}","templated":true}]}}